{"id":84,"date":"2017-06-09T04:11:57","date_gmt":"2017-06-09T04:11:57","guid":{"rendered":"http:\/\/localhost\/construct\/?page_id=84"},"modified":"2025-07-07T21:09:14","modified_gmt":"2025-07-07T21:09:14","slug":"contact-us","status":"publish","type":"page","link":"https:\/\/diarismakinalari.com.tr\/?page_id=84","title":{"rendered":"\u0130LET\u0130\u015e\u0130M"},"content":{"rendered":"<div class=\"wpb-content-wrapper\"><p>[vc_row css=&#8221;.vc_custom_1496982231607{padding-top: 80px !important;padding-bottom: 50px !important;}&#8221;][vc_column][vc_gmaps link=&#8221;#E-8_JTNDaWZyYW1lJTIwc3JjJTNEJTIyaHR0cHMlM0ElMkYlMkZ3d3cuZ29vZ2xlLmNvbSUyRm1hcHMlMkZlbWJlZCUzRnBiJTNEJTIxMW0xOCUyMTFtMTIlMjExbTMlMjExZDMxNDUuNDEzNzAyMzkxNzE3JTIxMmQ0MC4xNTM1ODMzJTIxM2QzNy45Njc0NzM2JTIxMm0zJTIxMWYwJTIxMmYwJTIxM2YwJTIxM20yJTIxMWkxMDI0JTIxMmk3NjglMjE0ZjEzLjElMjEzbTMlMjExbTIlMjExczB4NDA3NTFkYzMwYWI1MjQ1OSUyNTNBMHhmYzIwOWU5ZmQwZjc4MjQ2JTIxMnNQb3NpdGl2ZSUyNTIwaW5maW5pdHklMjUyMEV4Y2x1c2llJTIxNWUwJTIxM20yJTIxMXN0ciUyMTJzdHIlMjE0djE3NTE5MjIyNDMxMTIlMjE1bTIlMjExc3RyJTIxMnN0ciUyMiUyMHdpZHRoJTNEJTIyNjAwJTIyJTIwaGVpZ2h0JTNEJTIyNDUwJTIyJTIwc3R5bGUlM0QlMjJib3JkZXIlM0EwJTNCJTIyJTIwYWxsb3dmdWxsc2NyZWVuJTNEJTIyJTIyJTIwbG9hZGluZyUzRCUyMmxhenklMjIlMjByZWZlcnJlcnBvbGljeSUzRCUyMm5vLXJlZmVycmVyLXdoZW4tZG93bmdyYWRlJTIyJTNFJTNDJTJGaWZyYW1lJTNF&#8221; css=&#8221;.vc_custom_1751922262090{margin-bottom: 0px !important;}&#8221;][\/vc_column][\/vc_row][vc_row css=&#8221;.vc_custom_1496982392950{padding-bottom: 80px !important;}&#8221;][vc_column width=&#8221;1\/3&#8243;][vc_custom_heading text=&#8221;YARDIMA \u0130HT\u0130YACINIZ VAR MI?&#8221; font_container=&#8221;tag:h4|text_align:left&#8221; use_theme_fonts=&#8221;yes&#8221; css=&#8221;.vc_custom_1751922333950{margin-bottom: 15px !important;}&#8221;][vc_column_text css=&#8221;&#8221; el_class=&#8221;wprt-information&#8221;]<\/p>\n<blockquote data-start=\"525\" data-end=\"687\">\n<p data-start=\"527\" data-end=\"687\">Sat\u0131n alma, kiralama, servis talepleri ya da proje bazl\u0131 \u00e7\u00f6z\u00fcmler i\u00e7in bizimle do\u011frudan ileti\u015fime ge\u00e7ebilirsiniz. Diar, size en uygun \u00e7\u00f6z\u00fcm\u00fc \u00fcretmek i\u00e7in haz\u0131r.<\/p>\n<\/blockquote>\n<ul class=\"style-2\">\n<li class=\"address clearfix\"><span class=\"hl\">Adres : <\/span><span class=\"text\">TALAYTEPE MAH. 4003. SOK. POZ\u0130T\u0130F \u0130NF\u0130N\u0130TY A BLOK NO:4A&nbsp; \u0130\u00c7 KAPI NO: 49&nbsp; KAYAPINAR \/ D\u0130YARBAKIR&nbsp;<\/span><\/li>\n<li class=\"phone\"><span class=\"hl\">Telefon :+90 553 470 61 77&nbsp;<i class=\"fa fa-envelope\"><\/i><\/span><\/li>\n<li class=\"email\"><span class=\"hl\">E-mail : <\/span>iletisim@diarismakinalari.com.tr<br \/>\n<header id=\"site-header\" class=\"header-front-page style-1\">\n<div id=\"site-header-inner\" class=\"container\">\n<div class=\"wrap-inner\">\n<div id=\"site-logo\" class=\"clearfix\"><\/div>\n<\/div>\n<\/div>\n<\/header>\n<\/li>\n<\/ul>\n<p>[\/vc_column_text][\/vc_column][vc_column width=&#8221;2\/3&#8243;][vc_custom_heading text=&#8221;B\u0130ZE YAZIN!&#8221; font_container=&#8221;tag:h4|text_align:left&#8221; use_theme_fonts=&#8221;yes&#8221; css=&#8221;.vc_custom_1751922529205{margin-bottom: 15px !important;}&#8221;]\n<div class=\"wpcf7 no-js\" id=\"wpcf7-f77-o1\" lang=\"en-US\" dir=\"ltr\" data-wpcf7-id=\"77\">\n<div class=\"screen-reader-response\"><p role=\"status\" aria-live=\"polite\" aria-atomic=\"true\"><\/p> <ul><\/ul><\/div>\n<form action=\"\/index.php?rest_route=%2Fwp%2Fv2%2Fpages%2F84#wpcf7-f77-o1\" method=\"post\" class=\"wpcf7-form init\" aria-label=\"Contact form\" novalidate=\"novalidate\" data-status=\"init\">\n<fieldset class=\"hidden-fields-container\"><input type=\"hidden\" name=\"_wpcf7\" value=\"77\" \/><input type=\"hidden\" name=\"_wpcf7_version\" value=\"6.1.1\" \/><input type=\"hidden\" name=\"_wpcf7_locale\" value=\"en_US\" \/><input type=\"hidden\" name=\"_wpcf7_unit_tag\" value=\"wpcf7-f77-o1\" \/><input type=\"hidden\" name=\"_wpcf7_container_post\" value=\"0\" \/><input type=\"hidden\" name=\"_wpcf7_posted_data_hash\" value=\"\" \/>\n<\/fieldset>\n<div class=\"wprt-contact-form-1\">\n\t<p><span class=\"wpcf7-form-control-wrap name\"><br \/>\n<span class=\"wpcf7-form-control-wrap\" data-name=\"your-name\"><input size=\"40\" maxlength=\"400\" class=\"wpcf7-form-control wpcf7-text wpcf7-validates-as-required\" aria-required=\"true\" aria-invalid=\"false\" placeholder=\"Name *\" value=\"\" type=\"text\" name=\"your-name\" \/><\/span><br \/>\n<\/span><br \/>\n<span class=\"wpcf7-form-control-wrap email\"><br \/>\n<span class=\"wpcf7-form-control-wrap\" data-name=\"your-email\"><input size=\"40\" maxlength=\"400\" class=\"wpcf7-form-control wpcf7-email wpcf7-validates-as-required wpcf7-text wpcf7-validates-as-email\" aria-required=\"true\" aria-invalid=\"false\" placeholder=\"E-mail *\" value=\"\" type=\"email\" name=\"your-email\" \/><\/span><br \/>\n<\/span><br \/>\n<span class=\"wpcf7-form-control-wrap phone\"><br \/>\n<span class=\"wpcf7-form-control-wrap\" data-name=\"your-phone\"><input size=\"40\" maxlength=\"400\" class=\"wpcf7-form-control wpcf7-tel wpcf7-text wpcf7-validates-as-tel\" aria-invalid=\"false\" placeholder=\"Phone Number\" value=\"\" type=\"tel\" name=\"your-phone\" \/><\/span><br \/>\n<\/span><br \/>\n<span class=\"wpcf7-form-control-wrap subject\"><br \/>\n<span class=\"wpcf7-form-control-wrap\" data-name=\"your-subject\"><input size=\"40\" maxlength=\"400\" class=\"wpcf7-form-control wpcf7-text\" aria-invalid=\"false\" placeholder=\"Subject *\" value=\"\" type=\"text\" name=\"your-subject\" \/><\/span><br \/>\n<\/span><br \/>\n<span class=\"wpcf7-form-control-wrap message\"><br \/>\n<span class=\"wpcf7-form-control-wrap\" data-name=\"your-message\"><textarea cols=\"40\" rows=\"10\" maxlength=\"2000\" class=\"wpcf7-form-control wpcf7-textarea\" aria-invalid=\"false\" placeholder=\"Message\" name=\"your-message\"><\/textarea><\/span><br \/>\n<\/span>\n\t<\/p>\n\t<div class=\"wrap-submit\">\n\t\t<p><input class=\"wpcf7-form-control wpcf7-submit has-spinner\" type=\"submit\" value=\"SEND MESSAGE\" \/>\n\t\t<\/p>\n\t<\/div>\n<\/div><p style=\"display: none !important;\" class=\"akismet-fields-container\" data-prefix=\"_wpcf7_ak_\"><label>&#916;<textarea name=\"_wpcf7_ak_hp_textarea\" cols=\"45\" rows=\"8\" maxlength=\"100\"><\/textarea><\/label><input type=\"hidden\" id=\"ak_js_1\" name=\"_wpcf7_ak_js\" value=\"241\"\/><script>document.getElementById( \"ak_js_1\" ).setAttribute( \"value\", ( new Date() ).getTime() );<\/script><\/p><div class=\"wpcf7-response-output\" aria-hidden=\"true\"><\/div>\n<\/form>\n<\/div>\n[\/vc_column][\/vc_row]<\/p>\n<\/div>","protected":false},"excerpt":{"rendered":"<p>[vc_row css=&#8221;.vc_custom_1496982231607{padding-top: 80px !important;padding-bottom: 50px !important;}&#8221;][vc_column][vc_gmaps link=&#8221;#E-8_JTNDaWZyYW1lJTIwc3JjJTNEJTIyaHR0cHMlM0ElMkYlMkZ3d3cuZ29vZ2xlLmNvbSUyRm1hcHMlMkZlbWJlZCUzRnBiJTNEJTIxMW0xOCUyMTFtMTIlMjExbTMlMjExZDMxNDUuNDEzNzAyMzkxNzE3JTIxMmQ0MC4xNTM1ODMzJTIxM2QzNy45Njc0NzM2JTIxMm0zJTIxMWYwJTIxMmYwJTIxM2YwJTIxM20yJTIxMWkxMDI0JTIxMmk3NjglMjE0ZjEzLjElMjEzbTMlMjExbTIlMjExczB4NDA3NTFkYzMwYWI1MjQ1OSUyNTNBMHhmYzIwOWU5ZmQwZjc4MjQ2JTIxMnNQb3NpdGl2ZSUyNTIwaW5maW5pdHklMjUyMEV4Y2x1c2llJTIxNWUwJTIxM20yJTIxMXN0ciUyMTJzdHIlMjE0djE3NTE5MjIyNDMxMTIlMjE1bTIlMjExc3RyJTIxMnN0ciUyMiUyMHdpZHRoJTNEJTIyNjAwJTIyJTIwaGVpZ2h0JTNEJTIyNDUwJTIyJTIwc3R5bGUlM0QlMjJib3JkZXIlM0EwJTNCJTIyJTIwYWxsb3dmdWxsc2NyZWVuJTNEJTIyJTIyJTIwbG9hZGluZyUzRCUyMmxhenklMjIlMjByZWZlcnJlcnBvbGljeSUzRCUyMm5vLXJlZmVycmVyLXdoZW4tZG93bmdyYWRlJTIyJTNFJTNDJTJGaWZyYW1lJTNF&#8221; css=&#8221;.vc_custom_1751922262090{margin-bottom: 0px !important;}&#8221;][\/vc_column][\/vc_row][vc_row css=&#8221;.vc_custom_1496982392950{padding-bottom: 80px !important;}&#8221;][vc_column width=&#8221;1\/3&#8243;][vc_custom_heading text=&#8221;YARDIMA \u0130HT\u0130YACINIZ VAR MI?&#8221; font_container=&#8221;tag:h4|text_align:left&#8221; use_theme_fonts=&#8221;yes&#8221; css=&#8221;.vc_custom_1751922333950{margin-bottom: 15px !important;}&#8221;][vc_column_text css=&#8221;&#8221; el_class=&#8221;wprt-information&#8221;] Sat\u0131n alma, kiralama, servis talepleri ya da proje bazl\u0131 \u00e7\u00f6z\u00fcmler i\u00e7in bizimle do\u011frudan ileti\u015fime ge\u00e7ebilirsiniz. Diar, size en uygun \u00e7\u00f6z\u00fcm\u00fc \u00fcretmek i\u00e7in haz\u0131r. Adres : TALAYTEPE MAH. 4003. SOK. POZ\u0130T\u0130F [&hellip;]<\/p>\n","protected":false},"author":1,"featured_media":0,"parent":0,"menu_order":0,"comment_status":"closed","ping_status":"closed","template":"page-templates\/template-fullwidth.php","meta":{"footnotes":""},"class_list":["post-84","page","type-page","status-publish","hentry"],"_links":{"self":[{"href":"https:\/\/diarismakinalari.com.tr\/index.php?rest_route=\/wp\/v2\/pages\/84","targetHints":{"allow":["GET"]}}],"collection":[{"href":"https:\/\/diarismakinalari.com.tr\/index.php?rest_route=\/wp\/v2\/pages"}],"about":[{"href":"https:\/\/diarismakinalari.com.tr\/index.php?rest_route=\/wp\/v2\/types\/page"}],"author":[{"embeddable":true,"href":"https:\/\/diarismakinalari.com.tr\/index.php?rest_route=\/wp\/v2\/users\/1"}],"replies":[{"embeddable":true,"href":"https:\/\/diarismakinalari.com.tr\/index.php?rest_route=%2Fwp%2Fv2%2Fcomments&post=84"}],"version-history":[{"count":2,"href":"https:\/\/diarismakinalari.com.tr\/index.php?rest_route=\/wp\/v2\/pages\/84\/revisions"}],"predecessor-version":[{"id":1094,"href":"https:\/\/diarismakinalari.com.tr\/index.php?rest_route=\/wp\/v2\/pages\/84\/revisions\/1094"}],"wp:attachment":[{"href":"https:\/\/diarismakinalari.com.tr\/index.php?rest_route=%2Fwp%2Fv2%2Fmedia&parent=84"}],"curies":[{"name":"wp","href":"https:\/\/api.w.org\/{rel}","templated":true}]}}